{"id":62,"date":"2021-12-10T14:51:36","date_gmt":"2021-12-10T14:51:36","guid":{"rendered":"http:\/\/kanzleik2.de\/Kanzlei\/?page_id=62"},"modified":"2024-02-22T10:19:19","modified_gmt":"2024-02-22T10:19:19","slug":"anfahrt","status":"publish","type":"page","link":"https:\/\/kanzleik2.de\/Kanzlei\/anfahrt\/","title":{"rendered":"Anfahrt"},"content":{"rendered":"<p>&nbsp;<\/p>\n<p><iframe loading=\"lazy\" style=\"border: 0;\" src=\"https:\/\/www.google.com\/maps\/embed?pb=!1m14!1m8!1m3!1d2434.1973730907157!2d13.056681!3d52.403099!3m2!1i1024!2i768!4f13.1!3m3!1m2!1s0x47a8f5d0a82b0183%3A0xf5bfc96271f31dfa!2sHegelallee%2054%2C%2014467%20Potsdam%2C%20Deutschland!5e0!3m2!1sde!2sus!4v1639147986387!5m2!1sde!2sus\" width=\"680\" height=\"450\" allowfullscreen=\"allowfullscreen\"><span style=\"display: inline-block; width: 0px; overflow: hidden; line-height: 0;\" data-mce-type=\"bookmark\" class=\"mce_SELRES_start\">\ufeff<\/span><span style=\"display: inline-block; width: 0px; overflow: hidden; line-height: 0;\" data-mce-type=\"bookmark\" class=\"mce_SELRES_start\">\ufeff<\/span><span style=\"display: inline-block; width: 0px; overflow: hidden; line-height: 0;\" data-mce-type=\"bookmark\" class=\"mce_SELRES_start\">\ufeff<\/span><\/iframe><\/p>\n<p><span style=\"font-family: helvetica, arial, sans-serif; color: #000000;\">Die Kanzlei ist verkehrsg\u00fcnstig gelegen, da man in einer Minute sowohl zum Amtsgericht Potsdam in der Hegelallee, dem Verwaltungsgericht in der Friedrich-Ebert-Stra\u00dfe und dem Landgericht in der J\u00e4gerallee gelangt. Auch das Arbeitsgericht, welches sich in der Behlertstra\u00dfe befindet, ist nur f\u00fcnf Minuten von der Kanzlei entfernt. <\/span><\/p>\n<p><span style=\"font-family: helvetica, arial, sans-serif; color: #000000;\">Parkpl\u00e4tze finden Sie in 1 Minute <\/span><span style=\"font-family: helvetica, arial, sans-serif; color: #000000;\">Fussweg im <a href=\"https:\/\/maps.google.com\/maps\/dir\/\/PARK+ONE+Parkhaus+Karstadt+Zentrum+Hegelallee+6-10+14467+Potsdam+Deutschland\/@52.4039389,13.0559491,16z\/data=!4m5!4m4!1m0!1m2!1m1!1s0x47a8f5d0b4581f8f:0x25fce3a7f44acfa3\" target=\"_blank\" rel=\"noopener\">Karstadt Parkhaus<\/a>, auf dem Rathaus Campus. Zufahrt hier von der Hegelallee.<br \/>\n<\/span><\/p>\n<hr \/>\n<p><span style=\"font-family: helvetica, arial, sans-serif; color: #000000;\">Auch mit den <strong>\u00f6ffentlichen Verkehrsmitteln<\/strong> erreichen Sie uns.<\/span><\/p>\n<p><span style=\"font-family: helvetica, arial, sans-serif; color: #000000;\">Haltestelle <strong>Nauener Tor <\/strong>jeweils <\/span><span style=\"font-family: helvetica, arial, sans-serif; color: #000000;\">in 3 Minuten,<\/span><br \/>\n<span style=\"font-family: helvetica, arial, sans-serif; color: #000000;\">&#8211; <strong>Tram<\/strong> Linie 92 und 96 <\/span><br \/>\n<span style=\"font-family: helvetica, arial, sans-serif;\">&#8211; <span style=\"color: #000000;\"><strong>Bus<\/strong> <span style=\"font-family: helvetica, arial, sans-serif; font-size: 16px;\">Linie 603, 604, 609, und 638<\/span><\/span><\/span><\/p>\n<p><span style=\"font-family: helvetica, arial, sans-serif;\">Haltestelle <strong>Rathaus Potsdam<\/strong><\/span><br \/>\n<span style=\"font-family: helvetica, arial, sans-serif;\">&#8211; <strong>Bus<\/strong> 697<\/span><\/p>\n<p>&nbsp;<\/p>\n","protected":false},"excerpt":{"rendered":"<p>&nbsp; \ufeff\ufeff\ufeff Die Kanzlei ist verkehrsg\u00fcnstig gelegen, da man in einer Minute sowohl zum Amtsgericht Potsdam in der Hegelallee, dem Verwaltungsgericht in der Friedrich-Ebert-Stra\u00dfe und dem Landgericht in der J\u00e4gerallee gelangt. Auch das Arbeitsgericht, welches sich in der Behlertstra\u00dfe befindet, &hellip; <a href=\"https:\/\/kanzleik2.de\/Kanzlei\/anfahrt\/\">Weiterlesen <span class=\"meta-nav\">&rarr;<\/span><\/a><\/p>\n","protected":false},"author":1,"featured_media":0,"parent":0,"menu_order":0,"comment_status":"closed","ping_status":"closed","template":"","meta":{"footnotes":""},"class_list":["post-62","page","type-page","status-publish","hentry"],"_links":{"self":[{"href":"https:\/\/kanzleik2.de\/Kanzlei\/wp-json\/wp\/v2\/pages\/62","targetHints":{"allow":["GET"]}}],"collection":[{"href":"https:\/\/kanzleik2.de\/Kanzlei\/wp-json\/wp\/v2\/pages"}],"about":[{"href":"https:\/\/kanzleik2.de\/Kanzlei\/wp-json\/wp\/v2\/types\/page"}],"author":[{"embeddable":true,"href":"https:\/\/kanzleik2.de\/Kanzlei\/wp-json\/wp\/v2\/users\/1"}],"replies":[{"embeddable":true,"href":"https:\/\/kanzleik2.de\/Kanzlei\/wp-json\/wp\/v2\/comments?post=62"}],"version-history":[{"count":15,"href":"https:\/\/kanzleik2.de\/Kanzlei\/wp-json\/wp\/v2\/pages\/62\/revisions"}],"predecessor-version":[{"id":439,"href":"https:\/\/kanzleik2.de\/Kanzlei\/wp-json\/wp\/v2\/pages\/62\/revisions\/439"}],"wp:attachment":[{"href":"https:\/\/kanzleik2.de\/Kanzlei\/wp-json\/wp\/v2\/media?parent=62"}],"curies":[{"name":"wp","href":"https:\/\/api.w.org\/{rel}","templated":true}]}}