{"id":36,"date":"2021-12-10T14:29:56","date_gmt":"2021-12-10T14:29:56","guid":{"rendered":"http:\/\/kanzleik2.de\/Kanzlei\/?page_id=36"},"modified":"2022-12-14T15:18:02","modified_gmt":"2022-12-14T15:18:02","slug":"willkommen","status":"publish","type":"page","link":"https:\/\/kanzleik2.de\/Kanzlei\/","title":{"rendered":"Willkommen"},"content":{"rendered":"<div class=\"left_col\"><span style=\"font-family: helvetica, arial, sans-serif; font-size: 12pt; color: #000000;\"><strong>JUSTITIA<\/strong> &#8230; die r\u00f6mische G\u00f6ttin der Gerechtigkeit und des Rechtswesens. <\/span><br \/>\n<span style=\"font-family: helvetica, arial, sans-serif; font-size: 12pt; color: #000000;\">Als solche wird sie auch heute noch oft als Wahrzeichen f\u00fcr die Justiz verwendet. Justitia wird meist als Jungfrau mit verbundenen Augen oder einem Diadem dargestellt, die in einer Hand eine Waage, in der anderen das Richtschwert h\u00e4lt. Dies soll verdeutlichen, dass das Recht ohne Ansehen der Person (Augenbinde), nach sorgf\u00e4ltiger Abw\u00e4gung der Sachlage (Waage) gesprochen und schlie\u00dflich mit der n\u00f6tigen H\u00e4rte (Richtschwert) durchgesetzt wird.<\/span><\/div>\n<div><\/div>\n<div>\n<table style=\"width: 100%; border-collapse: collapse; border-style: hidden;\">\n<tbody>\n<tr>\n<td style=\"width: 100%; border-style: hidden;\"><\/td>\n<\/tr>\n<\/tbody>\n<\/table>\n<\/div>\n<p><span style=\"font-family: helvetica, arial, sans-serif; font-size: 12pt; color: #000000;\">In fr\u00fcheren Darstellungen trug die G\u00f6ttin des Rechtsfriedens nur einen \u00d6lzweig, als Symbol des Lebens, und ihre Waage, Symbol f\u00fcr den gerechten Ausgleich von Leistung und Gegenleistung in streitbefangenen Partnerschaften. Gelegentlich wird sie auch auf einer Schildkr\u00f6te stehend dargestellt, womit symbolisiert wird, dass jedes gr\u00fcndliche Verfahren seine Zeit braucht. Die Schildkr\u00f6te kann auch f\u00fcr die Gesamtheit der Erde stehen, denn so ist sie in der mittelamerikanischen Mytologie oft auch als &#8222;Sockel&#8220; anzutreffen.<\/span><\/p>\n<p>&nbsp;<\/p>\n<div class=\"right_col\">\n<table style=\"height: 30px; width: 92.9688%; border-collapse: collapse; border-style: solid; border-color: #ffffff;\">\n<tbody>\n<tr style=\"height: 94px;\">\n<td style=\"width: 50%; border-style: solid; border-color: #ffffff; text-align: center; height: 10px; padding-left: 40px;\"><span style=\"font-family: helvetica, sans-serif; font-size: 20px;\"><span style=\"font-family: helvetica, sans-serif; font-size: 20px;\"><strong><a href=\"https:\/\/kanzleik2.de\/Kanzlei\/spezialisierung\/allgemeines-recht\/\">Allgemeines Recht<\/a><\/strong><\/span><\/span><\/p>\n<hr \/>\n<\/td>\n<td style=\"width: 50%; border-style: solid; border-color: #ffffff; text-align: center; height: 10px;\"><span style=\"font-size: 20px; font-family: helvetica, arial, sans-serif;\"><span style=\"font-size: 20px; font-family: helvetica, arial, sans-serif;\"><strong><span style=\"font-size: 18px;\"><span style=\"font-size: 20px;\"><a href=\"https:\/\/kanzleik2.de\/Kanzlei\/spezialisierung\/schadenabteilung\/\"><span style=\"text-decoration: underline;\">Fahrzeugsch\u00e4den<\/span><\/a><\/span><\/span><\/strong><\/span><\/span><\/p>\n<hr \/>\n<\/td>\n<\/tr>\n<tr style=\"border-style: solid; border-color: #ffffff; height: 30px;\">\n<td style=\"width: 50%; height: 10px; border-style: solid; border-color: #ffffff; vertical-align: top;\">\n<ul>\n<li style=\"list-style-type: none;\">\n<ul>\n<li style=\"list-style-type: none;\">\n<ul>\n<li style=\"text-align: left;\"><span style=\"font-family: helvetica, arial, sans-serif; font-size: 18px;\"><strong>Arbeitsrecht<\/strong><\/span><\/li>\n<li style=\"text-align: left;\"><span style=\"font-family: helvetica, arial, sans-serif; font-size: 18px;\"><strong>Bu\u00dfgeldrecht<\/strong><\/span><\/li>\n<li style=\"text-align: left;\"><span style=\"font-family: helvetica, arial, sans-serif; font-size: 18px;\"><strong>Strafrecht<\/strong><\/span><\/li>\n<li style=\"text-align: left;\"><span style=\"font-family: helvetica, arial, sans-serif; font-size: 18px;\"><strong>Verkehrsrecht<\/strong><\/span><\/li>\n<li style=\"text-align: left;\"><span style=\"font-family: helvetica, arial, sans-serif; font-size: 18px;\"><span style=\"font-family: helvetica, arial, sans-serif; font-size: 18px;\"><strong>Vertragsrecht<\/strong><\/span><\/span><\/li>\n<\/ul>\n<\/li>\n<\/ul>\n<\/li>\n<\/ul>\n<\/td>\n<td style=\"width: 50%; height: 10px; border-style: solid; border-color: #ffffff; text-align: center; vertical-align: top;\">\n<ul>\n<li style=\"list-style-type: none;\">\n<ul>\n<li style=\"text-align: left;\"><span style=\"font-size: 18px; font-family: helvetica, arial, sans-serif;\"><a href=\"https:\/\/kanzleik2.de\/Kanzlei\/spezialisierung\/schadenabteilung\/\"><strong><span style=\"font-size: 16px;\"><span style=\"font-size: 18px;\">Schadenabteilung<\/span><\/span><\/strong><\/a><\/span><\/li>\n<\/ul>\n<\/li>\n<\/ul>\n<\/td>\n<\/tr>\n<tr style=\"height: 30px;\">\n<td style=\"width: 50%; border-style: solid; border-color: #ffffff; text-align: center; height: 10px;\">\n<hr \/>\n<blockquote><p><span style=\"font-family: helvetica, arial, sans-serif; font-size: 20px;\"><strong><span style=\"font-family: arial black, sans-serif;\"><a href=\"https:\/\/kanzleik2.de\/Kanzlei\/spezialisierung\/allgemeines-recht\/\"><span style=\"color: #ff0000;\">&gt;&gt;<\/span><\/a><\/span><br \/>\n<\/strong><\/span><\/p><\/blockquote>\n<\/td>\n<td style=\"width: 50%; border-style: solid; border-color: #ffffff; text-align: center; height: 10px;\">\n<hr \/>\n<p><em><span style=\"font-size: 20px; font-family: helvetica, arial, sans-serif; color: #ff0000;\"><strong><span style=\"font-size: 16px;\"><span style=\"font-size: 20px;\">\u00a0<span style=\"color: #ff0000;\"><a style=\"color: #ff0000;\" href=\"https:\/\/kanzleik2.de\/Kanzlei\/spezialisierung\/schadenabteilung\/\"><span style=\"font-family: arial black, sans-serif;\">&gt;&gt;<\/span><\/a><\/span><\/span><\/span><\/strong><\/span><\/em><\/td>\n<\/tr>\n<\/tbody>\n<\/table>\n<\/div>\n<p>&nbsp;<\/p>\n<hr \/>\n<p style=\"text-align: center;\"><span style=\"font-family: helvetica, arial, sans-serif;\"><strong>&lt;&lt;&lt; Direkt zu den <span style=\"color: #ff0000;\"><a style=\"color: #ff0000;\" href=\"https:\/\/kanzleik2.de\/Kanzlei\/formulare\/\">Vollmachten<\/a>\u00a0 <\/span>&gt;&gt;&gt;<\/strong><\/span><span style=\"font-family: helvetica, arial, sans-serif; font-size: 12px;\"><br \/>\n<span style=\"color: #800080;\">Verschiedene Vollmachten als PDF und das Onlineformular zur Schadenaufnahme<\/span><\/span><\/p>\n","protected":false},"excerpt":{"rendered":"<p>JUSTITIA &#8230; die r\u00f6mische G\u00f6ttin der Gerechtigkeit und des Rechtswesens. Als solche wird sie auch heute noch oft als Wahrzeichen f\u00fcr die Justiz verwendet. Justitia wird meist als Jungfrau mit verbundenen Augen oder einem Diadem dargestellt, die in einer Hand &hellip; <a href=\"https:\/\/kanzleik2.de\/Kanzlei\/\">Weiterlesen <span class=\"meta-nav\">&rarr;<\/span><\/a><\/p>\n","protected":false},"author":1,"featured_media":0,"parent":0,"menu_order":0,"comment_status":"closed","ping_status":"closed","template":"","meta":{"footnotes":""},"class_list":["post-36","page","type-page","status-publish","hentry"],"_links":{"self":[{"href":"https:\/\/kanzleik2.de\/Kanzlei\/wp-json\/wp\/v2\/pages\/36","targetHints":{"allow":["GET"]}}],"collection":[{"href":"https:\/\/kanzleik2.de\/Kanzlei\/wp-json\/wp\/v2\/pages"}],"about":[{"href":"https:\/\/kanzleik2.de\/Kanzlei\/wp-json\/wp\/v2\/types\/page"}],"author":[{"embeddable":true,"href":"https:\/\/kanzleik2.de\/Kanzlei\/wp-json\/wp\/v2\/users\/1"}],"replies":[{"embeddable":true,"href":"https:\/\/kanzleik2.de\/Kanzlei\/wp-json\/wp\/v2\/comments?post=36"}],"version-history":[{"count":74,"href":"https:\/\/kanzleik2.de\/Kanzlei\/wp-json\/wp\/v2\/pages\/36\/revisions"}],"predecessor-version":[{"id":434,"href":"https:\/\/kanzleik2.de\/Kanzlei\/wp-json\/wp\/v2\/pages\/36\/revisions\/434"}],"wp:attachment":[{"href":"https:\/\/kanzleik2.de\/Kanzlei\/wp-json\/wp\/v2\/media?parent=36"}],"curies":[{"name":"wp","href":"https:\/\/api.w.org\/{rel}","templated":true}]}}