{"id":203,"date":"2021-12-14T13:50:53","date_gmt":"2021-12-14T13:50:53","guid":{"rendered":"http:\/\/kanzleik2.de\/Kanzlei\/?page_id=203"},"modified":"2022-12-15T11:24:06","modified_gmt":"2022-12-15T11:24:06","slug":"schadenabteilung","status":"publish","type":"page","link":"https:\/\/kanzleik2.de\/Kanzlei\/spezialisierung\/schadenabteilung\/","title":{"rendered":"Schadenabteilung"},"content":{"rendered":"<p><span style=\"font-family: helvetica, arial, sans-serif; font-size: 16px; color: #000000;\">Unsere Schadenabteilung nimmt ihnen die aufwendige Bearbeitung und Einforderung ihrer Anspr\u00fcche gegen\u00fcber Unfallgegnern und Versicherern ab und sorgt daf\u00fcr, dass sie den &#8222;Unfall&#8220; schnell vergessen k\u00f6nnen, um sich auf die wichtigen Angelegenheiten im Leben zu konzentrieren.<\/span><\/p>\n<hr \/>\n<p><span style=\"color: #000080;\"><strong><span style=\"font-family: helvetica, arial, sans-serif; font-size: 16px;\">Sie hatten einen Unfall, egal ob als verursachende oder gesch\u00e4digte Person?<\/span><\/strong><\/span><\/p>\n<p><span style=\"font-family: helvetica, arial, sans-serif; color: #000000;\">In unserem Schadenaufnahmeformular fragen wir die wichtigsten Informationen ab, damit der Schaden so schnell wie m\u00f6glich bearbeitet werden kann.<\/span><\/p>\n<p><span style=\"font-family: helvetica, arial, sans-serif; font-size: 16px;\"> Hier finden Sie unser <\/span><\/p>\n<p><span style=\"font-family: helvetica, arial, sans-serif; font-size: 16px;\"><strong><a href=\"https:\/\/kanzleik2.de\/Kanzlei\/formular-zur-schadenaufnahme\/\" target=\"_blank\" rel=\"noopener\">Formular zur Schadenaufnahme<\/a><\/strong>\u00a0 &gt;&gt;&gt;<\/span><\/p>\n<hr \/>\n<p><span style=\"font-family: helvetica, arial, sans-serif; font-size: 16px;\">Wir bieten Ihnen einen WhatsApp Chat, f\u00fcr eine direkte Kommunikation oder schnelle R\u00fcckfragen auch von unterwegs an. <div  data-pre_filled=\"\" data-style=\"99\" style=\"display: inline; cursor: pointer; z-index: 99999999; \" class=\"ht-ctc-sc ht-ctc-sc-chat sc-style-99 ht-ctc-inline\">\n    <img decoding=\"async\" class=\"own-img ctc-analytics ctc_cta\" title=\"WhatsApp us\" id=\"style-99\" src=\"https:\/\/kanzleik2.de\/Kanzlei\/wp-content\/plugins\/click-to-chat-for-whatsapp\/.\/new\/inc\/assets\/img\/whatsapp-logo.svg\" style=\"height: 50px; \" alt=\"WhatsApp us\">\n<\/div><\/span><\/p>\n","protected":false},"excerpt":{"rendered":"<p>Unsere Schadenabteilung nimmt ihnen die aufwendige Bearbeitung und Einforderung ihrer Anspr\u00fcche gegen\u00fcber Unfallgegnern und Versicherern ab und sorgt daf\u00fcr, dass sie den &#8222;Unfall&#8220; schnell vergessen k\u00f6nnen, um sich auf die wichtigen Angelegenheiten im Leben zu konzentrieren. Sie hatten einen Unfall, &hellip; <a href=\"https:\/\/kanzleik2.de\/Kanzlei\/spezialisierung\/schadenabteilung\/\">Weiterlesen <span class=\"meta-nav\">&rarr;<\/span><\/a><\/p>\n","protected":false},"author":1,"featured_media":0,"parent":15,"menu_order":0,"comment_status":"closed","ping_status":"closed","template":"","meta":{"footnotes":""},"class_list":["post-203","page","type-page","status-publish","hentry"],"_links":{"self":[{"href":"https:\/\/kanzleik2.de\/Kanzlei\/wp-json\/wp\/v2\/pages\/203","targetHints":{"allow":["GET"]}}],"collection":[{"href":"https:\/\/kanzleik2.de\/Kanzlei\/wp-json\/wp\/v2\/pages"}],"about":[{"href":"https:\/\/kanzleik2.de\/Kanzlei\/wp-json\/wp\/v2\/types\/page"}],"author":[{"embeddable":true,"href":"https:\/\/kanzleik2.de\/Kanzlei\/wp-json\/wp\/v2\/users\/1"}],"replies":[{"embeddable":true,"href":"https:\/\/kanzleik2.de\/Kanzlei\/wp-json\/wp\/v2\/comments?post=203"}],"version-history":[{"count":19,"href":"https:\/\/kanzleik2.de\/Kanzlei\/wp-json\/wp\/v2\/pages\/203\/revisions"}],"predecessor-version":[{"id":436,"href":"https:\/\/kanzleik2.de\/Kanzlei\/wp-json\/wp\/v2\/pages\/203\/revisions\/436"}],"up":[{"embeddable":true,"href":"https:\/\/kanzleik2.de\/Kanzlei\/wp-json\/wp\/v2\/pages\/15"}],"wp:attachment":[{"href":"https:\/\/kanzleik2.de\/Kanzlei\/wp-json\/wp\/v2\/media?parent=203"}],"curies":[{"name":"wp","href":"https:\/\/api.w.org\/{rel}","templated":true}]}}