{"id":15,"date":"2021-12-10T14:09:17","date_gmt":"2021-12-10T14:09:17","guid":{"rendered":"http:\/\/kanzleik2.de\/Kanzlei\/?page_id=15"},"modified":"2022-04-21T09:54:23","modified_gmt":"2022-04-21T09:54:23","slug":"spezialisierung","status":"publish","type":"page","link":"https:\/\/kanzleik2.de\/Kanzlei\/spezialisierung\/","title":{"rendered":"Spezialisierung"},"content":{"rendered":"<div class=\"left_col\">\n<p><span style=\"font-size: 12pt;\"><strong><span style=\"font-family: helvetica, arial, sans-serif; color: #333399;\">Die Schwerpunkte unserer Arbeit sind:<\/span><\/strong><\/span><\/p>\n<ul>\n<li><span style=\"font-size: 12pt;\"><strong><span style=\"font-family: helvetica, arial, sans-serif; color: #333399;\">Arbeitsrecht<\/span><\/strong><\/span><\/li>\n<li><span style=\"font-size: 12pt;\"><strong><span style=\"font-family: helvetica, arial, sans-serif; color: #333399;\">Bu\u00dfgeldrecht<\/span><\/strong><\/span><\/li>\n<li><span style=\"font-size: 12pt;\"><strong><span style=\"font-family: helvetica, arial, sans-serif; color: #333399;\">Strafrecht<\/span><\/strong><\/span><\/li>\n<li><span style=\"font-size: 12pt;\"><strong><span style=\"font-family: helvetica, arial, sans-serif; color: #333399;\">Verkehrsrecht<\/span><\/strong><\/span><\/li>\n<li><span style=\"font-size: 12pt;\"><strong><span style=\"font-family: helvetica, arial, sans-serif; color: #333399;\">Vertragsrecht<\/span><\/strong><\/span><\/li>\n<\/ul>\n<p><span style=\"font-family: helvetica, arial, sans-serif; font-size: 12pt; color: #000000;\">In diesen Rechtsgebieten hat <\/span><span style=\"font-family: helvetica, arial, sans-serif; font-size: 12pt; color: #000000;\">in den letzten Jahren <\/span><span style=\"font-family: helvetica, arial, sans-serif; font-size: 12pt; color: #000000;\">eine kontinuierliche Spezialisierung stattgefunden. Die fachliche Kompetenz wird durch st\u00e4ndige Weiterbildungen erreicht, um im rechtlichen Tagesgesch\u00e4ft auf h\u00f6chstem Niveau arbeiten zu k\u00f6nnen.<\/span><\/p>\n<p><span style=\"font-family: helvetica, arial, sans-serif; font-size: 12pt; color: #000000;\">\u00dcber die Jahre erfolgreicher Arbeit hinweg, hat die Kanzlei die Erfahrung gemacht, dass bei entsprechendem Engagement auch in urspr\u00fcnglich wenig vertrauten Rechtsgebieten eine sehr gute Einarbeitung m\u00f6glich ist, und damit beste Ergebnisse f\u00fcr die Mandanten erreicht werden k\u00f6nnen. Solche Spezialf\u00e4lle kommen beispielsweise aus dem Arzthaftungsrecht sowie auch aus dem Erbrecht. <\/span><\/p>\n<table style=\"border-collapse: collapse; width: 100%;\">\n<tbody>\n<tr>\n<td style=\"width: 50%; border-style: hidden; text-align: center;\">\n<h3><a href=\"https:\/\/kanzleik2.de\/Kanzlei\/spezialisierung\/allgemeines-recht\/\"><span style=\"font-family: helvetica, arial, sans-serif; color: #000080;\"><strong><span style=\"font-size: 20px;\">Allgemeine<\/span> Rechtsabteilung<\/strong><\/span><\/a><\/h3>\n<\/td>\n<td style=\"width: 50%; border-style: hidden; text-align: center;\">\n<h3><span style=\"font-size: 20px;\"><a href=\"https:\/\/kanzleik2.de\/Kanzlei\/spezialisierung\/schadenabteilung\/\"><span style=\"font-family: helvetica, arial, sans-serif; color: #000080;\"><strong>Schadenabteilung<\/strong><\/span><\/a><\/span><\/h3>\n<\/td>\n<\/tr>\n<\/tbody>\n<\/table>\n<\/div>\n<div class=\"right_col\"><span style=\"font-family: helvetica, arial, sans-serif; font-size: 12pt; color: #000000;\">Neben diesen Materien besch\u00e4ftigt sich die Kanzlei u. a. mit Grundst\u00fccks- und Immobilienkaufvertr\u00e4gen, der Vorbereitung und Abwicklung von unstreitigen Ehescheidungen, au\u00dfergerichtlichen Insolvenzverfahren und dar\u00fcber hinaus auch mit R\u00e4umungsprozessen und R\u00e4umungsschutzprozessen im Bereich des Gewerbe- und Wohnungsmietrechts.<\/span><\/div>\n","protected":false},"excerpt":{"rendered":"<p>Die Schwerpunkte unserer Arbeit sind: Arbeitsrecht Bu\u00dfgeldrecht Strafrecht Verkehrsrecht Vertragsrecht In diesen Rechtsgebieten hat in den letzten Jahren eine kontinuierliche Spezialisierung stattgefunden. Die fachliche Kompetenz wird durch st\u00e4ndige Weiterbildungen erreicht, um im rechtlichen Tagesgesch\u00e4ft auf h\u00f6chstem Niveau arbeiten zu k\u00f6nnen. &hellip; <a href=\"https:\/\/kanzleik2.de\/Kanzlei\/spezialisierung\/\">Weiterlesen <span class=\"meta-nav\">&rarr;<\/span><\/a><\/p>\n","protected":false},"author":1,"featured_media":0,"parent":0,"menu_order":0,"comment_status":"closed","ping_status":"closed","template":"","meta":{"footnotes":""},"class_list":["post-15","page","type-page","status-publish","hentry"],"_links":{"self":[{"href":"https:\/\/kanzleik2.de\/Kanzlei\/wp-json\/wp\/v2\/pages\/15","targetHints":{"allow":["GET"]}}],"collection":[{"href":"https:\/\/kanzleik2.de\/Kanzlei\/wp-json\/wp\/v2\/pages"}],"about":[{"href":"https:\/\/kanzleik2.de\/Kanzlei\/wp-json\/wp\/v2\/types\/page"}],"author":[{"embeddable":true,"href":"https:\/\/kanzleik2.de\/Kanzlei\/wp-json\/wp\/v2\/users\/1"}],"replies":[{"embeddable":true,"href":"https:\/\/kanzleik2.de\/Kanzlei\/wp-json\/wp\/v2\/comments?post=15"}],"version-history":[{"count":9,"href":"https:\/\/kanzleik2.de\/Kanzlei\/wp-json\/wp\/v2\/pages\/15\/revisions"}],"predecessor-version":[{"id":407,"href":"https:\/\/kanzleik2.de\/Kanzlei\/wp-json\/wp\/v2\/pages\/15\/revisions\/407"}],"wp:attachment":[{"href":"https:\/\/kanzleik2.de\/Kanzlei\/wp-json\/wp\/v2\/media?parent=15"}],"curies":[{"name":"wp","href":"https:\/\/api.w.org\/{rel}","templated":true}]}}