{"id":11,"date":"2021-12-10T14:06:52","date_gmt":"2021-12-10T14:06:52","guid":{"rendered":"http:\/\/kanzleik2.de\/Kanzlei\/?page_id=11"},"modified":"2021-12-13T12:56:43","modified_gmt":"2021-12-13T12:56:43","slug":"die-kanzlei","status":"publish","type":"page","link":"https:\/\/kanzleik2.de\/Kanzlei\/die-kanzlei\/","title":{"rendered":"Die Kanzlei"},"content":{"rendered":"<div class=\"left_col\">\n<p><span style=\"font-family: helvetica, arial, sans-serif; color: #000000;\">Der Kopf der seit 1997 bestehenden Kanzlei ist Rechtsanwalt Gordon Kr\u00e4mer. Er hat inzwischen viele kompetente, helfende H\u00e4nde. Tatkr\u00e4ftig unterst\u00fctzt wird er von der guten Seele und dem Organisationstalent der Kanzlei, der Rechtsanwaltfachangestellten Frau Biebeler und dem Rechtsanwalts-fachangestellten Herrn Schmidt. Erg\u00e4nzt und verst\u00e4rkt wird das Team von Frau Rechtsanw\u00e4ltin S\u00fclldorf, die in der Schadenabteilung und dort insbesondere bei den Gerichtsverfahren unterst\u00fctzend t\u00e4tig ist. Komplettiert wird die Mannschaft von Herrn Baum, der sich \u00fcber ein Studium zum Wirtschaftsjuristen qualifiziert hat und als Kanzleimanager eingesetzt ist. \u00a0<\/span><\/p>\n<h3><span style=\"color: #000080; font-size: 12pt;\"><strong><span style=\"font-family: helvetica, arial, sans-serif;\">Mehr zur Person: <a href=\"https:\/\/kanzleik2.de\/Kanzlei\/die-kanzlei\/gordon-kraemer\/\">Gordon Kr\u00e4mer<\/a><\/span><\/strong><\/span><\/h3>\n<\/div>\n<div>\n<p><span style=\"font-family: helvetica, arial, sans-serif; font-size: 12pt; color: #000000;\">Die Kanzlei ist klar und effektiv strukturiert. Jeder wei\u00df, was er zu tun hat und auch der \u201eChef\u201c ordnet sich den zwingenden B\u00fcroabl\u00e4ufen unter. Das Credo, eine einwandfreie Qualit\u00e4t der Arbeit zu erhalten und in ein einer entspannten Arbeitsatmosph\u00e4re t\u00e4tig zu sein, wird damit erreicht. Auch kann durch die klare Arbeitsteilung und den hohen Grad der Spezialisierung der einzelnen Akteure ein hohes Ma\u00df an Fachkompetenz und Mandantenzufriedenheit erreicht werden. <\/span><\/p>\n<blockquote><p><span style=\"font-family: helvetica, arial, sans-serif; font-size: 12pt; color: #000000;\"><span style=\"color: #000080; font-size: 16px;\"><span style=\"font-family: arial, helvetica, sans-serif; font-size: 20px;\">&#8222;Die Kanzlei versteht sich im wahrsten Sinne des Wortes als Treuh\u00e4nderin ihrer Mandanten.&#8220; <\/span><span style=\"font-size: 18px; color: #000000;\"><sub><em>Gordon Kr\u00e4mer<\/em><\/sub><\/span><\/span><br \/>\n<\/span><\/p><\/blockquote>\n<p><span style=\"font-family: helvetica, arial, sans-serif; font-size: 12pt; color: #000000;\">Wir stehen Ihnen jederzeit bei Rechtsfragen oder -problemen zu Ihrer Verf\u00fcgung und an Ihrer Seite.<\/span><\/p>\n<\/div>\n","protected":false},"excerpt":{"rendered":"<p>Der Kopf der seit 1997 bestehenden Kanzlei ist Rechtsanwalt Gordon Kr\u00e4mer. Er hat inzwischen viele kompetente, helfende H\u00e4nde. Tatkr\u00e4ftig unterst\u00fctzt wird er von der guten Seele und dem Organisationstalent der Kanzlei, der Rechtsanwaltfachangestellten Frau Biebeler und dem Rechtsanwalts-fachangestellten Herrn Schmidt. &hellip; <a href=\"https:\/\/kanzleik2.de\/Kanzlei\/die-kanzlei\/\">Weiterlesen <span class=\"meta-nav\">&rarr;<\/span><\/a><\/p>\n","protected":false},"author":1,"featured_media":0,"parent":0,"menu_order":0,"comment_status":"closed","ping_status":"closed","template":"","meta":{"footnotes":""},"class_list":["post-11","page","type-page","status-publish","hentry"],"_links":{"self":[{"href":"https:\/\/kanzleik2.de\/Kanzlei\/wp-json\/wp\/v2\/pages\/11","targetHints":{"allow":["GET"]}}],"collection":[{"href":"https:\/\/kanzleik2.de\/Kanzlei\/wp-json\/wp\/v2\/pages"}],"about":[{"href":"https:\/\/kanzleik2.de\/Kanzlei\/wp-json\/wp\/v2\/types\/page"}],"author":[{"embeddable":true,"href":"https:\/\/kanzleik2.de\/Kanzlei\/wp-json\/wp\/v2\/users\/1"}],"replies":[{"embeddable":true,"href":"https:\/\/kanzleik2.de\/Kanzlei\/wp-json\/wp\/v2\/comments?post=11"}],"version-history":[{"count":14,"href":"https:\/\/kanzleik2.de\/Kanzlei\/wp-json\/wp\/v2\/pages\/11\/revisions"}],"predecessor-version":[{"id":188,"href":"https:\/\/kanzleik2.de\/Kanzlei\/wp-json\/wp\/v2\/pages\/11\/revisions\/188"}],"wp:attachment":[{"href":"https:\/\/kanzleik2.de\/Kanzlei\/wp-json\/wp\/v2\/media?parent=11"}],"curies":[{"name":"wp","href":"https:\/\/api.w.org\/{rel}","templated":true}]}}